{"id":4,"date":"2014-11-12T07:30:56","date_gmt":"2014-11-12T07:30:56","guid":{"rendered":"http:\/\/theme.omnipress.co\/?page_id=4"},"modified":"2016-12-15T03:01:16","modified_gmt":"2016-12-15T03:01:16","slug":"corporate","status":"publish","type":"page","link":"https:\/\/thebusinessinnovation.se\/","title":{"rendered":"HOME"},"content":{"rendered":"<div id=\"dt_row_1177765580298\" class=\"clearfix dt_row\"><div id=\"dt_column_2\" class=\"dt_column col-sm-12\"><div id=\"dt_text3177765580242\" class=\"dt_text first-text__mobile\">\n<div style=\"text-align: center;\"><span style=\"font-size: 2.3em;\">Business Innovation <\/span><span style=\"font-size: 2.3em;\">jobbar med:<\/span><\/div>\n<ul>\n<li><span style=\"font-size: 2.3em;\"><span style=\"color: #ff6600;\">\u00a0Fysisk\/Praktisk Change Management\u00a0<\/span>dvs vart skulle du egentligen vilja vara med ditt bolag\/din organisation\/avdelning?<\/span><\/li>\n<\/ul>\n<ul>\n<li><span style=\"font-size: 2.3em;\"><span style=\"color: #ff6600;\">Performance Management<\/span>\u00a0samtliga medarbetare ges m\u00f6jlighet att jobba optimalt mot tydliga m\u00e5l, hantera avvikelser och skapa en helt ny \u00e5tagandekultur<\/span><\/li>\n<\/ul>\n<\/div><div id=\"dt-section-head-4\" class=\"dt-section-head center\"><div class=\"dt-section-container\"><h2 class=\"section-main-title section-heading-thin-border thin-center\" style=\"border-color:#f27135\">\r\n                \r\n            <\/h2>\r\n            <\/div><\/div><\/div><\/div><div id=\"dt_row_5177765580227\" class=\"clearfix dt_row\"><div class=\"container\"><div class=\"row\"><div id=\"dt_column_6\" class=\"dt_column col-sm-2\"><\/div><div id=\"dt_column_7\" class=\"dt_column col-sm-8\"><div id=\"dt_text8177765580283\" data-uk-scrollspy=\"{cls:'uk-animation-slide-bottom', delay:300}\" class=\"dt_text\">\n<p style=\"text-align: center;\"><span style=\"font-size: 2.3em; color: #ff6600;\">Vi ser till att det h\u00e4nder<\/span><\/p>\n<p style=\"text-align: center;\"><span style=\"font-size: 2.3em;\">Aff\u00e4rsplaner, Verksamhetsplaner, Marknadsplaner, Budgetar fr\u00e5n pappersprodukt till fysiska resultat<\/span><\/p>\n<p style=\"text-align: center;\"><span style=\"font-size: 2.3em; color: #ff6600;\">De e\u00b4 mycket roligare i Elitserien \u00e4n i Div1<\/span><\/p>\n<p style=\"text-align: center;\"><\/div><\/div><div id=\"dt_column_9\" class=\"dt_column col-sm-2\"><\/div><\/div><\/div><\/div><div class=\"container\"><div class=\"row\"><div id=\"dt_row_10177765580290\" class=\"clearfix dt_row\"><div id=\"dt_column_11\" class=\"dt_column col-sm-12\"><div id=\"dt-section-head-12\" data-uk-scrollspy=\"{cls:'uk-animation-slide-left', delay:300}\" class=\"dt-section-head center  size-xlarge\"><div class=\"dt-section-container\"><h2 class=\"section-main-title section-heading-thin-border thin-center\" style=\"color:#ff683a;border-color:#ff683a\">\r\n                Kontakta oss f\u00f6r en 1,5 timmes gratis workshop\r\n            <\/h2>\r\n            <\/div><\/div><div id=\"dt_text13177765580219\" data-uk-scrollspy=\"{cls:'uk-animation-slide-right', delay:300}\" class=\"dt_text\">\n<p style=\"text-align: center;\"><span style=\"font-size: 2.3em;\">Vi jobbar tillsammans utmanar varandra och ser vart ni \u00e4r i f\u00f6rh\u00e5llande till vart ni egentligen skulle vilja vara. Vad \u00e4r det som prim\u00e4rt m\u00e5ste hanteras?<\/span><\/p>\n<p style=\"text-align: center;\"><span style=\"color: #ff6600;\"><em><span style=\"font-size: 2.3em;\">Vart \u00e4r ni?<\/span><\/em><\/span><\/p>\n<p style=\"text-align: center;\"><span style=\"color: #ff6600;\"><em><span style=\"font-size: 2.3em;\">Vart skulle ni vilja vara?<\/span><\/em><\/span><\/p>\n<p style=\"text-align: center;\"><\/div><div id=\"dt_row_14177765580219\" class=\"row dt_row\"><div id=\"dt_column_15\" class=\"dt_column col-sm-3\"><div id=\"dt_row_16177765580218\" class=\"row dt_row\"><div id=\"dt_column_17\" class=\"dt_column col-sm-12\"><div id=\"dt_text18177765580250\" data-uk-scrollspy=\"{cls:'uk-animation-slide-left', delay:300}\" class=\"dt_text\">\n<h4 style=\"text-align: left;\">OUR LOCATION<\/h4>\n<p style=\"text-align: center;\"><\/div><div id=\"dt_text19177765580240\" data-uk-scrollspy=\"{cls:'uk-animation-slide-left', delay:300}\" class=\"dt_text\">\n<p>\u00d6sterv\u00e4gen 16 A<\/p>\n<p>SE16952 Solna<\/p>\n<p style=\"text-align: center;\"><\/div><\/div><\/div><div id=\"dt_row_20177765580258\" class=\"row dt_row\"><div id=\"dt_column_21\" class=\"dt_column col-sm-12\"><div id=\"dt_text22177765580271\" data-uk-scrollspy=\"{cls:'uk-animation-slide-left', delay:300}\" class=\"dt_text\">\n<h4 style=\"text-align: left;\">PHONE\/EMAIL<\/h4>\n<p style=\"text-align: center;\"><\/div><div id=\"dt_text23177765580221\" data-uk-scrollspy=\"{cls:'uk-animation-slide-left', delay:300}\" class=\"dt_text\">\n<p>+46-708 47 44 88<\/p>\n<p>Contact:<\/p>\n<p>contact@thebusinessinnovation.se<\/p>\n<p style=\"text-align: center;\"><\/div><\/div><\/div><\/div><div id=\"dt_column_24\" class=\"dt_column col-sm-9\"><div id=\"jattne@gmail.com\" data-uk-scrollspy=\"{cls:'uk-animation-slide-right', delay:300}\" class=\"dt_text\">\n<p><a href=\"http:\/\/thebusinessinnovation.se\/wp-content\/uploads\/2015\/04\/SmallLogo.png\" rel=\"attachment wp-att-10755\"><img loading=\"lazy\" class=\"alignnone size-medium wp-image-10755\" src=\"http:\/\/thebusinessinnovation.se\/wp-content\/uploads\/2015\/04\/SmallLogo-300x181.png\" alt=\"SmallLogo\" width=\"300\" height=\"181\" srcset=\"https:\/\/thebusinessinnovation.se\/wp-content\/uploads\/2015\/04\/SmallLogo-300x181.png 300w, https:\/\/thebusinessinnovation.se\/wp-content\/uploads\/2015\/04\/SmallLogo-320x193.png 320w, https:\/\/thebusinessinnovation.se\/wp-content\/uploads\/2015\/04\/SmallLogo.png 500w\" sizes=\"(max-width: 300px) 100vw, 300px\" \/><\/a><\/p>\n<h2 class=\"section-main-title section-heading-thin-border thin-center\"><span style=\"color: #ff6600;\">Kontakta oss f\u00f6r en 1,5 timmes gratis workshop<\/span><\/h2>\n<div role=\"form\" class=\"wpcf7\" id=\"wpcf7-f6-o1\" lang=\"en-US\" dir=\"ltr\">\n<div class=\"screen-reader-response\" role=\"alert\" aria-live=\"polite\"><\/div>\n<form action=\"\/index.php?rest_route=%2Fwp%2Fv2%2Fpages%2F4#wpcf7-f6-o1\" method=\"post\" class=\"wpcf7-form init\" novalidate=\"novalidate\">\n<div style=\"display: none;\">\n<input type=\"hidden\" name=\"_wpcf7\" value=\"6\" \/>\n<input type=\"hidden\" name=\"_wpcf7_version\" value=\"5.2.2\" \/>\n<input type=\"hidden\" name=\"_wpcf7_locale\" value=\"en_US\" \/>\n<input type=\"hidden\" name=\"_wpcf7_unit_tag\" value=\"wpcf7-f6-o1\" \/>\n<input type=\"hidden\" name=\"_wpcf7_container_post\" value=\"0\" \/>\n<input type=\"hidden\" name=\"_wpcf7_posted_data_hash\" value=\"\" \/>\n<\/div>\n<div class=\"dt-contact-form on-light row\">\n<div class=\"col-sm-12\">\n\t\t<span class=\"wpcf7-form-control-wrap your-name\"><input type=\"text\" name=\"your-name\" value=\"\" size=\"40\" class=\"wpcf7-form-control wpcf7-text wpcf7-validates-as-required\" aria-required=\"true\" aria-invalid=\"false\" placeholder=\"Your Name\" \/><\/span>\n\t<\/div>\n<div class=\"col-sm-6 half-right-padding\">\n\t\t<span class=\"wpcf7-form-control-wrap telephone\"><input type=\"tel\" name=\"telephone\" value=\"\" size=\"40\" class=\"wpcf7-form-control wpcf7-text wpcf7-tel wpcf7-validates-as-tel\" aria-invalid=\"false\" placeholder=\"Telephone\" \/><\/span>\n\t<\/div>\n<div class=\"col-sm-6 half-left-padding\">\n\t\t<span class=\"wpcf7-form-control-wrap your-email\"><input type=\"email\" name=\"your-email\" value=\"\" size=\"40\" class=\"wpcf7-form-control wpcf7-text wpcf7-email wpcf7-validates-as-required wpcf7-validates-as-email\" aria-required=\"true\" aria-invalid=\"false\" placeholder=\"Email\" \/><\/span>\n\t<\/div>\n<div class=\"col-sm-12\">\n               <span class=\"wpcf7-form-control-wrap your-message\"><textarea name=\"your-message\" cols=\"40\" rows=\"10\" class=\"wpcf7-form-control wpcf7-textarea\" aria-invalid=\"false\" placeholder=\"Your message\"><\/textarea><\/span>\n\t<\/div>\n<div class=\"col-sm-12\"><input type=\"submit\" value=\"Send Message\" class=\"wpcf7-form-control wpcf7-submit btn btn-ghost skin-dark\" \/><\/div>\n<\/div>\n<div class=\"wpcf7-response-output\" role=\"alert\" aria-hidden=\"true\"><\/div><\/form><\/div>\n<p style=\"text-align: center;\"><\/div><\/div><\/div><\/div><\/div><\/div><\/div><div id=\"dt_row_25177765580264\" class=\"clearfix dt_row\"><div class=\"container\"><div class=\"row\"><div id=\"dt_column_26\" class=\"dt_column col-sm-12\"><div id=\"dt_text27177765580290\" data-uk-scrollspy=\"{cls:'uk-animation-slide-left', delay:300}\" class=\"dt_text\">\n<h3 style=\"text-align: center;\"><span style=\"font-size: 1.2em;\">&#8220;Good is the enemy of Great&#8221;<\/span><\/h3>\n<p style=\"text-align: center;\"><\/div><\/div><\/div><\/div><\/div>\n","protected":false},"excerpt":{"rendered":"","protected":false},"author":1,"featured_media":0,"parent":0,"menu_order":0,"comment_status":"open","ping_status":"open","template":"fullwidth.php","meta":[],"_links":{"self":[{"href":"https:\/\/thebusinessinnovation.se\/index.php?rest_route=\/wp\/v2\/pages\/4"}],"collection":[{"href":"https:\/\/thebusinessinnovation.se\/index.php?rest_route=\/wp\/v2\/pages"}],"about":[{"href":"https:\/\/thebusinessinnovation.se\/index.php?rest_route=\/wp\/v2\/types\/page"}],"author":[{"embeddable":true,"href":"https:\/\/thebusinessinnovation.se\/index.php?rest_route=\/wp\/v2\/users\/1"}],"replies":[{"embeddable":true,"href":"https:\/\/thebusinessinnovation.se\/index.php?rest_route=%2Fwp%2Fv2%2Fcomments&post=4"}],"version-history":[{"count":76,"href":"https:\/\/thebusinessinnovation.se\/index.php?rest_route=\/wp\/v2\/pages\/4\/revisions"}],"predecessor-version":[{"id":19497,"href":"https:\/\/thebusinessinnovation.se\/index.php?rest_route=\/wp\/v2\/pages\/4\/revisions\/19497"}],"wp:attachment":[{"href":"https:\/\/thebusinessinnovation.se\/index.php?rest_route=%2Fwp%2Fv2%2Fmedia&parent=4"}],"curies":[{"name":"wp","href":"https:\/\/api.w.org\/{rel}","templated":true}]}}