{"id":9645,"date":"2014-12-31T03:49:35","date_gmt":"2014-12-31T03:49:35","guid":{"rendered":"http:\/\/theme.omnipress.co\/?page_id=9645"},"modified":"2020-03-02T23:03:18","modified_gmt":"2020-03-02T23:03:18","slug":"us-one","status":"publish","type":"page","link":"https:\/\/thebusinessinnovation.se\/?page_id=9645","title":{"rendered":"OM OSS"},"content":{"rendered":"<div class=\"container\"><div class=\"row\"><div id=\"dt_row_1177660159786\" class=\"clearfix dt_row\"><div id=\"dt_column_2\" class=\"dt_column col-sm-12\"><div id=\"dt-custom-team3\" class=\"dt_team_custom_item fix clearfix\" data-uk-scrollspy=\"{cls:'uk-animation-slide-left', delay:300}\"><div class=\"left-item\"><img src=\"https:\/\/thebusinessinnovation.se\/wp-content\/uploads\/2014\/11\/janjportr4.png\" alt=\"\" \/><\/div>\r\n                <div class=\"right-item\"><h2 class=\"profile-title\">Jan J\u00e4ttne<\/h2><hr\/><h3 class=\"profile-position\">CEO<\/h3>\r\n                <div class=\"text\">Jan Jattne Coach, Speaker, Facilitator. Jan har l\u00e5ng erfarenhet VD, COO S\u00e4ljchef, Coach etc. Om du vill utmana honom: S\u00e4g \u201d Vi borde g\u00f6ra\u2026\u201d. Eller \u201d Nej men jag \u00e4r n\u00f6jd\u2026\u201d Hans fr\u00e5ga: Vilka \u00e4r dina st\u00f6rsta utmaningar? Hans \u00e5tagande: Vi tar oss dit tillsammans!!! S\u00e5 h\u00e4r s\u00e4ger kunderna: \u201dMed sin genuina kundkontakt och positiva drivkraft skapar JAN J\u00c4TTNE Nytta, L\u00e5ngsiktiga f\u00f6r\u00e4ndringar och Resultat\u201d<\/div><ul class=\"profile-scocial\"><li><a href=\"#\" target=\"_blank\"><i class=\"fontelloicon-facebook-squared\"><\/i><\/a><\/li><li><a href=\"#\" target=\"_blank\"><i class=\"fontelloicon-twitter-squared\"><\/i><\/a><\/li><li><a href=\"#\" target=\"_blank\"><i class=\"fontelloicon-gplus-squared\"><\/i><\/a><\/li><li><a href=\"#\" target=\"_blank\"><i class=\"fontelloicon-linkedin-5\"><\/i><\/a><\/li><\/ul>\r\n                <\/div><\/div><\/div><\/div><\/div><\/div><div class=\"container\"><div class=\"row\"><div id=\"dt_row_4177660159792\" class=\"clearfix dt_row\"><div id=\"dt_column_5\" class=\"dt_column col-sm-4\"><div id=\"dt-section-head-6\" data-uk-scrollspy=\"{cls:'uk-animation-slide-bottom', delay:300}\" class=\"dt-section-head left  size-small\"><div class=\"dt-section-container\"><h2 class=\"section-main-title section-heading-thin-border thin-left\" style=\"border-color:#ef6440\">\r\n                Personligt\r\n            <\/h2>\r\n            <\/div><\/div><div id=\"dt_row_7177660159727\" class=\"row dt_row\"><div id=\"dt_column_8\" class=\"dt_column col-sm-12\"><div id=\"dt_text9177660159789\" class=\"dt_text\">\n<div class=\"csc-header csc-header-n5\">\n<p><b>Om du vill utmana mig:<\/b><\/p>\n<p><i>&nbsp; &nbsp; &nbsp; &nbsp; &#8211;&nbsp;<\/i><i>S\u00e4g \u201d Vi borde g\u00f6ra\u2026\u201d<\/i>. Eller <i>\u201d Nej men jag \u00e4r &nbsp; n\u00f6jd\u2026\u201d<\/i><\/p>\n<p><b>Min fr\u00e5ga:<\/b><\/p>\n<p><i>&nbsp; &nbsp; &nbsp; &nbsp;&#8211;&nbsp;<\/i><i>Vilka \u00e4r dina st\u00f6rsta utmaningar? <\/i><\/p>\n<p><b>Mitt <\/b><b>\u00e5ttagande<\/b><b>:<\/b><\/p>\n<p><b><i>&nbsp; &nbsp; &nbsp; &nbsp;&#8211;&nbsp;<\/i><\/b><b><i>Vi tar oss dit tillsammans!!!<\/i><\/b><\/p>\n<p><span style=\"line-height: 1.5;\">Jag \u00e4r en sann Stockholmare som skulle \u201dh\u00e4nga ner h\u00e5ret om det gick\u201d. Jag \u00e4lskar att vinna och hatar att f\u00f6rlora. Tar g\u00e4rna en repa p\u00e5 spinning- eller \u201dracehojen\u201d samt en runda p\u00e5 gymmet. Det ger plats f\u00f6r god mat och goda viner. Sommarstugan och sk\u00e4rg\u00e5rden i Roslagen \u00e4r min oas. D\u00e4r laddar jag batterierna, helst tillsammans med mina n\u00e4rmaste och mina v\u00e4nner. Har nyligen konverterat fr\u00e5n segel till motor \u00e4ven om det tog emot.<\/span><\/p>\n<\/div>\n<\/div><\/div><\/div><\/div><div id=\"dt_column_10\" class=\"dt_column col-sm-4\"><div id=\"dt-section-head-11\" data-uk-scrollspy=\"{cls:'uk-animation-slide-bottom', delay:300}\" class=\"dt-section-head left  size-small\"><div class=\"dt-section-container\"><h2 class=\"section-main-title section-heading-thin-border thin-left\" style=\"border-color:#ef6440\">\r\n                VARF\u00d6R\r\n            <\/h2>\r\n            <\/div><\/div><div id=\"dt_row_12177660159790\" class=\"row dt_row\"><div id=\"dt_column_13\" class=\"dt_column col-sm-12\"><div id=\"dt_text14177660159761\" class=\"dt_text\">\n<div class=\"csc-header csc-header-n7\">\n<p><strong>VARF\u00d6R:<\/strong> Ska jag ta hj\u00e4lp av <strong>Business Innovation?<\/strong><\/p>\n<p>Om du inte \u00e4r helt n\u00f6jd med vart du\/ni \u00e4r idag och vill mer \u00e4n idag som Organisation VD, chef, mellanchef eller individ, med andra ord vi pratar om n\u00e5gon typ av f\u00f6r\u00e4ndring som kommer att utmana dig eller din organisation.<\/p>\n<p>Vi har l\u00e5ng erfarenhet att jobba med rej\u00e4la f\u00f6r\u00e4ndringar hos f\u00f6retag och individer f\u00f6r att ta oss till n\u00e4sta niv\u00e5.<\/p>\n<p>Vi tar er fr\u00e5n Div 1 till Elitserien<\/p>\n<p>Ni \u00e4r redan OK men vill n\u00e5got mer helst n\u00e5got betydligt mer en riktig utmaning<\/p>\n<\/div>\n<\/div><\/div><\/div><\/div><div id=\"dt_column_15\" class=\"dt_column col-sm-4\"><div id=\"dt-section-head-16\" data-uk-scrollspy=\"{cls:'uk-animation-slide-bottom', delay:300}\" class=\"dt-section-head left  size-small\"><div class=\"dt-section-container\"><h2 class=\"section-main-title section-heading-thin-border thin-left\" style=\"border-color:#ef6440\">\r\n                Hur\r\n            <\/h2>\r\n            <\/div><\/div><div id=\"dt_row_17177660159749\" class=\"row dt_row\"><div id=\"dt_column_18\" class=\"dt_column col-sm-12\"><div id=\"dt_text19177660159771\" class=\"dt_text\">\n<p><strong>HUR:<\/strong> Ska dett g\u00e5 till och varf\u00f6r skulle det fungera denna g\u00e5ng vi har f\u00f6rs\u00f6kt \u00e5tskilliga g\u00e5nger tidigare?<\/p>\n<p><strong>Mycket bra och motiverad fr\u00e5ga som vi ofta f\u00e5r h\u00f6ra.<\/strong> En av v\u00e5ra framg\u00e5ngsfaktorer \u00e4r att vi jobbar igenom hela organisationen D\u00c4R RESULTATET skapas och det \u00e4r INTE i enbart i ledningsgruppen eller I styrelsen som givetvis \u00e4r en viktig del i att tills\u00e4tta resurser, best\u00e4mma riktlinjer, resultatniv\u00e5er, strategi, taktik etc. Det OPERATIVA \u00e4r det som sedan skapar resultatet.<\/p>\n<p>Det h\u00e4r l\u00e5ter helt sj\u00e4lvklart f\u00f6r de flesta men vi kan f\u00f6rs\u00e4kra er om efter att ha jobbat I s\u00e5 m\u00e5nga f\u00f6retag och branscher att v\u00e4ldig f\u00e5 ens \u00e4r I n\u00e4rheten av att jobba efter den filosofin. Vi \u00e4r v\u00e4l medvetna om att detta \u00e4r ett ganska kaxigt p\u00e5st\u00e5ende men Business Innovation existerar endast av denna orsak.<\/p>\n<\/div><\/div><\/div><\/div><\/div><\/div><\/div><div class=\"container\"><div class=\"row\"><div id=\"dt_row_20177660159794\" class=\"clearfix dt_row\"><div id=\"dt_column_21\" class=\"dt_column col-sm-12\"><div id=\"dt_row_22177660159719\" class=\"row dt_row\"><div id=\"dt_column_23\" class=\"dt_column col-sm-2\"><\/div><div id=\"dt_column_24\" class=\"dt_column col-sm-8\"><div id=\"dt-section-head-25\" data-uk-scrollspy=\"{cls:'uk-animation-slide-bottom', delay:300}\" class=\"dt-section-head center  size-large\"><div class=\"dt-section-container\"><h2 class=\"section-main-title section-heading-thin-border thin-center\" style=\"border-color:#ef6440\">\r\n                Business Innovation\r\n            <\/h2>\r\n            <\/div><\/div><div id=\"dt_text26177660159712\" data-uk-scrollspy=\"{cls:'uk-animation-slide-bottom', delay:300}\" class=\"dt_text\">\n<h3 style=\"text-align: center;\">We Take Your Business To The Next Level<\/h3>\n<\/div><\/div><div id=\"dt_column_27\" class=\"dt_column col-sm-2\"><\/div><\/div><\/div><\/div><\/div><\/div><div class=\"container\"><div class=\"row\"><div id=\"dt_row_28177660159712\" class=\"clearfix dt_row\"><div id=\"dt_column_29\" class=\"dt_column col-sm-12\"><div id=\"dt_text30177660159794\" class=\"dt_text\">\n<p style=\"text-align: center;\"><span style=\"font-size: 2.3em; color: #ff6600;\">V\u00e5rt Motto<\/span><\/p>\n<p style=\"text-align: center;\"><strong><span style=\"font-size: 4.3em; color: #ff6600;\">K.I.S<\/span><\/strong><\/p>\n<p style=\"text-align: center;\"><span style=\"font-size: 2.3em; color: #ff6600;\">Keep It Simple<\/span><\/p>\n<\/div><\/div><\/div><\/div><\/div><div id=\"dt_row_31177660159772\" class=\"clearfix dt_row\"><div class=\"container\"><div class=\"row\"><div id=\"dt_column_32\" class=\"dt_column col-sm-12\"><div id=\"dt_text33177660159711\" data-uk-scrollspy=\"{cls:'uk-animation-slide-left', delay:300}\" class=\"dt_text\">\n<h3 style=\"text-align: center;\"><span style=\"font-size: 1.2em;\">&#8220;Good is the enemy of Great&#8221;<\/span><\/h3>\n<\/div><\/div><\/div><\/div><\/div>\n","protected":false},"excerpt":{"rendered":"","protected":false},"author":1,"featured_media":0,"parent":0,"menu_order":0,"comment_status":"open","ping_status":"open","template":"fullwidth.php","meta":[],"_links":{"self":[{"href":"https:\/\/thebusinessinnovation.se\/index.php?rest_route=\/wp\/v2\/pages\/9645"}],"collection":[{"href":"https:\/\/thebusinessinnovation.se\/index.php?rest_route=\/wp\/v2\/pages"}],"about":[{"href":"https:\/\/thebusinessinnovation.se\/index.php?rest_route=\/wp\/v2\/types\/page"}],"author":[{"embeddable":true,"href":"https:\/\/thebusinessinnovation.se\/index.php?rest_route=\/wp\/v2\/users\/1"}],"replies":[{"embeddable":true,"href":"https:\/\/thebusinessinnovation.se\/index.php?rest_route=%2Fwp%2Fv2%2Fcomments&post=9645"}],"version-history":[{"count":50,"href":"https:\/\/thebusinessinnovation.se\/index.php?rest_route=\/wp\/v2\/pages\/9645\/revisions"}],"predecessor-version":[{"id":19495,"href":"https:\/\/thebusinessinnovation.se\/index.php?rest_route=\/wp\/v2\/pages\/9645\/revisions\/19495"}],"wp:attachment":[{"href":"https:\/\/thebusinessinnovation.se\/index.php?rest_route=%2Fwp%2Fv2%2Fmedia&parent=9645"}],"curies":[{"name":"wp","href":"https:\/\/api.w.org\/{rel}","templated":true}]}}